{"id":107,"date":"2017-06-13T10:53:01","date_gmt":"2017-06-13T10:53:01","guid":{"rendered":"https:\/\/demo.themegrill.com\/suffice\/?page_id=107"},"modified":"2019-11-27T22:23:47","modified_gmt":"2019-11-27T22:23:47","slug":"right-sidebar","status":"publish","type":"page","link":"https:\/\/de.metalsuvak.com\/?page_id=107","title":{"rendered":"PRODUKTE"},"content":{"rendered":"<p>Unsere Produkte zeichnen sich durch hochwertige Materialien und pr\u00e4zise<br \/>\nVerarbeitung aus.<br \/>\nDie \u0160UVAK METAL GmbH hat seit ihrer Gr\u00fcndung ihre Kapazit\u00e4ten und Aktivit\u00e4ten kontinuierlich erweitert und ist heute ein Unternehmen mit einem sehr breiten Produktions- und Dienstleistungsspektrum.<img loading=\"lazy\" decoding=\"async\" class=\"alignnone size-medium wp-image-608\" src=\"https:\/\/www.metalsuvak.com\/wp-content\/uploads\/2019\/07\/2-300x300.jpg\" alt=\"\" width=\"300\" height=\"300\" srcset=\"https:\/\/de.metalsuvak.com\/wp-content\/uploads\/2019\/07\/2-300x300.jpg 300w, https:\/\/de.metalsuvak.com\/wp-content\/uploads\/2019\/07\/2-150x150.jpg 150w, https:\/\/de.metalsuvak.com\/wp-content\/uploads\/2019\/07\/2-100x100.jpg 100w, https:\/\/de.metalsuvak.com\/wp-content\/uploads\/2019\/07\/2.jpg 500w\" sizes=\"auto, (max-width: 300px) 100vw, 300px\" \/> <img loading=\"lazy\" decoding=\"async\" class=\"alignnone size-medium wp-image-609\" src=\"https:\/\/www.metalsuvak.com\/wp-content\/uploads\/2019\/07\/3-300x300.jpg\" alt=\"\" width=\"300\" height=\"300\" srcset=\"https:\/\/de.metalsuvak.com\/wp-content\/uploads\/2019\/07\/3-300x300.jpg 300w, https:\/\/de.metalsuvak.com\/wp-content\/uploads\/2019\/07\/3-150x150.jpg 150w, https:\/\/de.metalsuvak.com\/wp-content\/uploads\/2019\/07\/3-100x100.jpg 100w, https:\/\/de.metalsuvak.com\/wp-content\/uploads\/2019\/07\/3.jpg 500w\" sizes=\"auto, (max-width: 300px) 100vw, 300px\" \/> <img loading=\"lazy\" decoding=\"async\" class=\"alignnone size-medium wp-image-610\" src=\"https:\/\/www.metalsuvak.com\/wp-content\/uploads\/2019\/07\/4-300x300.jpg\" alt=\"\" width=\"300\" height=\"300\" srcset=\"https:\/\/de.metalsuvak.com\/wp-content\/uploads\/2019\/07\/4-300x300.jpg 300w, https:\/\/de.metalsuvak.com\/wp-content\/uploads\/2019\/07\/4-150x150.jpg 150w, https:\/\/de.metalsuvak.com\/wp-content\/uploads\/2019\/07\/4-100x100.jpg 100w, https:\/\/de.metalsuvak.com\/wp-content\/uploads\/2019\/07\/4.jpg 500w\" sizes=\"auto, (max-width: 300px) 100vw, 300px\" \/> <img loading=\"lazy\" decoding=\"async\" class=\"alignnone size-medium wp-image-611\" src=\"https:\/\/www.metalsuvak.com\/wp-content\/uploads\/2019\/07\/5-300x300.jpg\" alt=\"\" width=\"300\" height=\"300\" srcset=\"https:\/\/de.metalsuvak.com\/wp-content\/uploads\/2019\/07\/5-300x300.jpg 300w, https:\/\/de.metalsuvak.com\/wp-content\/uploads\/2019\/07\/5-150x150.jpg 150w, https:\/\/de.metalsuvak.com\/wp-content\/uploads\/2019\/07\/5-100x100.jpg 100w, https:\/\/de.metalsuvak.com\/wp-content\/uploads\/2019\/07\/5.jpg 500w\" sizes=\"auto, (max-width: 300px) 100vw, 300px\" \/> <img loading=\"lazy\" decoding=\"async\" class=\"alignnone size-medium wp-image-612\" src=\"https:\/\/www.metalsuvak.com\/wp-content\/uploads\/2019\/07\/6-300x300.jpg\" alt=\"\" width=\"300\" height=\"300\" srcset=\"https:\/\/de.metalsuvak.com\/wp-content\/uploads\/2019\/07\/6-300x300.jpg 300w, https:\/\/de.metalsuvak.com\/wp-content\/uploads\/2019\/07\/6-150x150.jpg 150w, https:\/\/de.metalsuvak.com\/wp-content\/uploads\/2019\/07\/6-100x100.jpg 100w, https:\/\/de.metalsuvak.com\/wp-content\/uploads\/2019\/07\/6.jpg 500w\" sizes=\"auto, (max-width: 300px) 100vw, 300px\" \/> <img loading=\"lazy\" decoding=\"async\" class=\"alignnone size-medium wp-image-613\" src=\"https:\/\/www.metalsuvak.com\/wp-content\/uploads\/2019\/07\/7-300x300.jpg\" alt=\"\" width=\"300\" height=\"300\" srcset=\"https:\/\/de.metalsuvak.com\/wp-content\/uploads\/2019\/07\/7-300x300.jpg 300w, https:\/\/de.metalsuvak.com\/wp-content\/uploads\/2019\/07\/7-150x150.jpg 150w, https:\/\/de.metalsuvak.com\/wp-content\/uploads\/2019\/07\/7-100x100.jpg 100w, https:\/\/de.metalsuvak.com\/wp-content\/uploads\/2019\/07\/7.jpg 500w\" sizes=\"auto, (max-width: 300px) 100vw, 300px\" \/> <img loading=\"lazy\" decoding=\"async\" class=\"alignnone size-medium wp-image-614\" src=\"https:\/\/www.metalsuvak.com\/wp-content\/uploads\/2019\/07\/8-300x300.jpg\" alt=\"\" width=\"300\" height=\"300\" srcset=\"https:\/\/de.metalsuvak.com\/wp-content\/uploads\/2019\/07\/8-300x300.jpg 300w, https:\/\/de.metalsuvak.com\/wp-content\/uploads\/2019\/07\/8-150x150.jpg 150w, https:\/\/de.metalsuvak.com\/wp-content\/uploads\/2019\/07\/8-100x100.jpg 100w, https:\/\/de.metalsuvak.com\/wp-content\/uploads\/2019\/07\/8.jpg 500w\" sizes=\"auto, (max-width: 300px) 100vw, 300px\" \/> <img loading=\"lazy\" decoding=\"async\" class=\"alignnone size-medium wp-image-615\" src=\"https:\/\/www.metalsuvak.com\/wp-content\/uploads\/2019\/07\/9-300x300.jpg\" alt=\"\" width=\"300\" height=\"300\" srcset=\"https:\/\/de.metalsuvak.com\/wp-content\/uploads\/2019\/07\/9-300x300.jpg 300w, https:\/\/de.metalsuvak.com\/wp-content\/uploads\/2019\/07\/9-150x150.jpg 150w, https:\/\/de.metalsuvak.com\/wp-content\/uploads\/2019\/07\/9-100x100.jpg 100w, https:\/\/de.metalsuvak.com\/wp-content\/uploads\/2019\/07\/9.jpg 500w\" sizes=\"auto, (max-width: 300px) 100vw, 300px\" \/> <img loading=\"lazy\" decoding=\"async\" class=\"alignnone size-medium wp-image-616\" src=\"https:\/\/www.metalsuvak.com\/wp-content\/uploads\/2019\/07\/10-300x300.jpg\" alt=\"\" width=\"300\" height=\"300\" srcset=\"https:\/\/de.metalsuvak.com\/wp-content\/uploads\/2019\/07\/10-300x300.jpg 300w, https:\/\/de.metalsuvak.com\/wp-content\/uploads\/2019\/07\/10-150x150.jpg 150w, https:\/\/de.metalsuvak.com\/wp-content\/uploads\/2019\/07\/10-100x100.jpg 100w, https:\/\/de.metalsuvak.com\/wp-content\/uploads\/2019\/07\/10.jpg 500w\" sizes=\"auto, (max-width: 300px) 100vw, 300px\" \/> <img loading=\"lazy\" decoding=\"async\" class=\"alignnone size-medium wp-image-617\" src=\"https:\/\/www.metalsuvak.com\/wp-content\/uploads\/2019\/07\/11-300x300.jpg\" alt=\"\" width=\"300\" height=\"300\" srcset=\"https:\/\/de.metalsuvak.com\/wp-content\/uploads\/2019\/07\/11-300x300.jpg 300w, https:\/\/de.metalsuvak.com\/wp-content\/uploads\/2019\/07\/11-150x150.jpg 150w, https:\/\/de.metalsuvak.com\/wp-content\/uploads\/2019\/07\/11-100x100.jpg 100w, https:\/\/de.metalsuvak.com\/wp-content\/uploads\/2019\/07\/11.jpg 500w\" sizes=\"auto, (max-width: 300px) 100vw, 300px\" \/> <img loading=\"lazy\" decoding=\"async\" class=\"alignnone size-medium wp-image-618\" src=\"https:\/\/www.metalsuvak.com\/wp-content\/uploads\/2019\/07\/12-300x300.jpg\" alt=\"\" width=\"300\" height=\"300\" srcset=\"https:\/\/de.metalsuvak.com\/wp-content\/uploads\/2019\/07\/12-300x300.jpg 300w, https:\/\/de.metalsuvak.com\/wp-content\/uploads\/2019\/07\/12-150x150.jpg 150w, https:\/\/de.metalsuvak.com\/wp-content\/uploads\/2019\/07\/12-100x100.jpg 100w, https:\/\/de.metalsuvak.com\/wp-content\/uploads\/2019\/07\/12.jpg 500w\" sizes=\"auto, (max-width: 300px) 100vw, 300px\" \/> <img loading=\"lazy\" decoding=\"async\" class=\"alignnone size-medium wp-image-619\" src=\"https:\/\/www.metalsuvak.com\/wp-content\/uploads\/2019\/07\/13-300x300.jpg\" alt=\"\" width=\"300\" height=\"300\" srcset=\"https:\/\/de.metalsuvak.com\/wp-content\/uploads\/2019\/07\/13-300x300.jpg 300w, https:\/\/de.metalsuvak.com\/wp-content\/uploads\/2019\/07\/13-150x150.jpg 150w, https:\/\/de.metalsuvak.com\/wp-content\/uploads\/2019\/07\/13-100x100.jpg 100w, https:\/\/de.metalsuvak.com\/wp-content\/uploads\/2019\/07\/13.jpg 500w\" sizes=\"auto, (max-width: 300px) 100vw, 300px\" \/> <img loading=\"lazy\" decoding=\"async\" class=\"alignnone size-medium wp-image-620\" src=\"https:\/\/www.metalsuvak.com\/wp-content\/uploads\/2019\/07\/14-300x300.jpg\" alt=\"\" width=\"300\" height=\"300\" srcset=\"https:\/\/de.metalsuvak.com\/wp-content\/uploads\/2019\/07\/14-300x300.jpg 300w, https:\/\/de.metalsuvak.com\/wp-content\/uploads\/2019\/07\/14-150x150.jpg 150w, https:\/\/de.metalsuvak.com\/wp-content\/uploads\/2019\/07\/14-100x100.jpg 100w, https:\/\/de.metalsuvak.com\/wp-content\/uploads\/2019\/07\/14.jpg 500w\" sizes=\"auto, (max-width: 300px) 100vw, 300px\" \/> <img loading=\"lazy\" decoding=\"async\" class=\"alignnone size-medium wp-image-621\" src=\"https:\/\/www.metalsuvak.com\/wp-content\/uploads\/2019\/07\/15-300x300.jpg\" alt=\"\" width=\"300\" height=\"300\" srcset=\"https:\/\/de.metalsuvak.com\/wp-content\/uploads\/2019\/07\/15-300x300.jpg 300w, https:\/\/de.metalsuvak.com\/wp-content\/uploads\/2019\/07\/15-150x150.jpg 150w, https:\/\/de.metalsuvak.com\/wp-content\/uploads\/2019\/07\/15-100x100.jpg 100w, https:\/\/de.metalsuvak.com\/wp-content\/uploads\/2019\/07\/15.jpg 500w\" sizes=\"auto, (max-width: 300px) 100vw, 300px\" \/> <img loading=\"lazy\" decoding=\"async\" class=\"alignnone size-medium wp-image-622\" src=\"https:\/\/www.metalsuvak.com\/wp-content\/uploads\/2019\/07\/16-300x300.jpg\" alt=\"\" width=\"300\" height=\"300\" srcset=\"https:\/\/de.metalsuvak.com\/wp-content\/uploads\/2019\/07\/16-300x300.jpg 300w, https:\/\/de.metalsuvak.com\/wp-content\/uploads\/2019\/07\/16-150x150.jpg 150w, https:\/\/de.metalsuvak.com\/wp-content\/uploads\/2019\/07\/16-100x100.jpg 100w, https:\/\/de.metalsuvak.com\/wp-content\/uploads\/2019\/07\/16.jpg 500w\" sizes=\"auto, (max-width: 300px) 100vw, 300px\" \/> <img loading=\"lazy\" decoding=\"async\" class=\"alignnone size-medium wp-image-623\" src=\"https:\/\/www.metalsuvak.com\/wp-content\/uploads\/2019\/07\/17-300x300.jpg\" alt=\"\" width=\"300\" height=\"300\" srcset=\"https:\/\/de.metalsuvak.com\/wp-content\/uploads\/2019\/07\/17-300x300.jpg 300w, https:\/\/de.metalsuvak.com\/wp-content\/uploads\/2019\/07\/17-150x150.jpg 150w, https:\/\/de.metalsuvak.com\/wp-content\/uploads\/2019\/07\/17-100x100.jpg 100w, https:\/\/de.metalsuvak.com\/wp-content\/uploads\/2019\/07\/17.jpg 500w\" sizes=\"auto, (max-width: 300px) 100vw, 300px\" \/> <img loading=\"lazy\" decoding=\"async\" class=\"alignnone size-medium wp-image-624\" src=\"https:\/\/www.metalsuvak.com\/wp-content\/uploads\/2019\/07\/18-300x300.jpg\" alt=\"\" width=\"300\" height=\"300\" srcset=\"https:\/\/de.metalsuvak.com\/wp-content\/uploads\/2019\/07\/18-300x300.jpg 300w, https:\/\/de.metalsuvak.com\/wp-content\/uploads\/2019\/07\/18-150x150.jpg 150w, https:\/\/de.metalsuvak.com\/wp-content\/uploads\/2019\/07\/18-100x100.jpg 100w, https:\/\/de.metalsuvak.com\/wp-content\/uploads\/2019\/07\/18.jpg 500w\" sizes=\"auto, (max-width: 300px) 100vw, 300px\" \/> <img loading=\"lazy\" decoding=\"async\" class=\"alignnone size-medium wp-image-625\" src=\"https:\/\/www.metalsuvak.com\/wp-content\/uploads\/2019\/07\/19-300x300.jpg\" alt=\"\" width=\"300\" height=\"300\" srcset=\"https:\/\/de.metalsuvak.com\/wp-content\/uploads\/2019\/07\/19-300x300.jpg 300w, https:\/\/de.metalsuvak.com\/wp-content\/uploads\/2019\/07\/19-150x150.jpg 150w, https:\/\/de.metalsuvak.com\/wp-content\/uploads\/2019\/07\/19-100x100.jpg 100w, https:\/\/de.metalsuvak.com\/wp-content\/uploads\/2019\/07\/19.jpg 500w\" sizes=\"auto, (max-width: 300px) 100vw, 300px\" \/> <img loading=\"lazy\" decoding=\"async\" class=\"alignnone size-medium wp-image-626\" src=\"https:\/\/www.metalsuvak.com\/wp-content\/uploads\/2019\/07\/20-300x300.jpg\" alt=\"\" width=\"300\" height=\"300\" srcset=\"https:\/\/de.metalsuvak.com\/wp-content\/uploads\/2019\/07\/20-300x300.jpg 300w, https:\/\/de.metalsuvak.com\/wp-content\/uploads\/2019\/07\/20-150x150.jpg 150w, https:\/\/de.metalsuvak.com\/wp-content\/uploads\/2019\/07\/20-100x100.jpg 100w, https:\/\/de.metalsuvak.com\/wp-content\/uploads\/2019\/07\/20.jpg 500w\" sizes=\"auto, (max-width: 300px) 100vw, 300px\" \/> <img loading=\"lazy\" decoding=\"async\" class=\"alignnone size-medium wp-image-627\" src=\"https:\/\/www.metalsuvak.com\/wp-content\/uploads\/2019\/07\/21-300x300.jpg\" alt=\"\" width=\"300\" height=\"300\" srcset=\"https:\/\/de.metalsuvak.com\/wp-content\/uploads\/2019\/07\/21-300x300.jpg 300w, https:\/\/de.metalsuvak.com\/wp-content\/uploads\/2019\/07\/21-150x150.jpg 150w, https:\/\/de.metalsuvak.com\/wp-content\/uploads\/2019\/07\/21-100x100.jpg 100w, https:\/\/de.metalsuvak.com\/wp-content\/uploads\/2019\/07\/21.jpg 500w\" sizes=\"auto, (max-width: 300px) 100vw, 300px\" \/> <img loading=\"lazy\" decoding=\"async\" class=\"alignnone size-medium wp-image-628\" src=\"https:\/\/www.metalsuvak.com\/wp-content\/uploads\/2019\/07\/22-300x300.jpg\" alt=\"\" width=\"300\" height=\"300\" srcset=\"https:\/\/de.metalsuvak.com\/wp-content\/uploads\/2019\/07\/22-300x300.jpg 300w, https:\/\/de.metalsuvak.com\/wp-content\/uploads\/2019\/07\/22-150x150.jpg 150w, https:\/\/de.metalsuvak.com\/wp-content\/uploads\/2019\/07\/22-100x100.jpg 100w, https:\/\/de.metalsuvak.com\/wp-content\/uploads\/2019\/07\/22.jpg 500w\" sizes=\"auto, (max-width: 300px) 100vw, 300px\" \/><img loading=\"lazy\" decoding=\"async\" class=\"alignnone size-medium wp-image-647\" src=\"https:\/\/www.metalsuvak.com\/wp-content\/uploads\/2019\/07\/23-300x300.jpg\" alt=\"\" width=\"300\" height=\"300\" srcset=\"https:\/\/de.metalsuvak.com\/wp-content\/uploads\/2019\/07\/23-300x300.jpg 300w, https:\/\/de.metalsuvak.com\/wp-content\/uploads\/2019\/07\/23-150x150.jpg 150w, https:\/\/de.metalsuvak.com\/wp-content\/uploads\/2019\/07\/23-100x100.jpg 100w, https:\/\/de.metalsuvak.com\/wp-content\/uploads\/2019\/07\/23.jpg 500w\" sizes=\"auto, (max-width: 300px) 100vw, 300px\" \/> <img loading=\"lazy\" decoding=\"async\" class=\"alignnone size-medium wp-image-648\" src=\"https:\/\/www.metalsuvak.com\/wp-content\/uploads\/2019\/07\/24-300x300.jpg\" alt=\"\" width=\"300\" height=\"300\" srcset=\"https:\/\/de.metalsuvak.com\/wp-content\/uploads\/2019\/07\/24-300x300.jpg 300w, https:\/\/de.metalsuvak.com\/wp-content\/uploads\/2019\/07\/24-150x150.jpg 150w, https:\/\/de.metalsuvak.com\/wp-content\/uploads\/2019\/07\/24-100x100.jpg 100w, https:\/\/de.metalsuvak.com\/wp-content\/uploads\/2019\/07\/24.jpg 500w\" sizes=\"auto, (max-width: 300px) 100vw, 300px\" \/> <img loading=\"lazy\" decoding=\"async\" class=\"alignnone size-medium wp-image-649\" src=\"https:\/\/www.metalsuvak.com\/wp-content\/uploads\/2019\/07\/25-300x300.jpg\" alt=\"\" width=\"300\" height=\"300\" srcset=\"https:\/\/de.metalsuvak.com\/wp-content\/uploads\/2019\/07\/25-300x300.jpg 300w, https:\/\/de.metalsuvak.com\/wp-content\/uploads\/2019\/07\/25-150x150.jpg 150w, https:\/\/de.metalsuvak.com\/wp-content\/uploads\/2019\/07\/25-100x100.jpg 100w, https:\/\/de.metalsuvak.com\/wp-content\/uploads\/2019\/07\/25.jpg 500w\" sizes=\"auto, (max-width: 300px) 100vw, 300px\" \/> <img loading=\"lazy\" decoding=\"async\" class=\"alignnone size-medium wp-image-650\" src=\"https:\/\/www.metalsuvak.com\/wp-content\/uploads\/2019\/07\/26-300x300.jpg\" alt=\"\" width=\"300\" height=\"300\" srcset=\"https:\/\/de.metalsuvak.com\/wp-content\/uploads\/2019\/07\/26-300x300.jpg 300w, https:\/\/de.metalsuvak.com\/wp-content\/uploads\/2019\/07\/26-150x150.jpg 150w, https:\/\/de.metalsuvak.com\/wp-content\/uploads\/2019\/07\/26-100x100.jpg 100w, https:\/\/de.metalsuvak.com\/wp-content\/uploads\/2019\/07\/26.jpg 500w\" sizes=\"auto, (max-width: 300px) 100vw, 300px\" \/><\/p>\n","protected":false},"excerpt":{"rendered":"<p>Unsere Produkte zeichnen sich durch hochwertige Materialien und pr\u00e4zise Verarbeitung aus. Die \u0160UVAK METAL GmbH hat seit ihrer Gr\u00fcndung ihre Kapazit\u00e4ten und Aktivit\u00e4ten kontinuierlich erweitert und ist heute ein Unternehmen mit einem sehr breiten Produktions- und Dienstleistungsspektrum.<\/p>\n","protected":false},"author":1,"featured_media":0,"parent":0,"menu_order":0,"comment_status":"closed","ping_status":"closed","template":"page-templates\/right-sidebar.php","meta":{"footnotes":""},"class_list":["post-107","page","type-page","status-publish","hentry"],"_links":{"self":[{"href":"https:\/\/de.metalsuvak.com\/index.php?rest_route=\/wp\/v2\/pages\/107","targetHints":{"allow":["GET"]}}],"collection":[{"href":"https:\/\/de.metalsuvak.com\/index.php?rest_route=\/wp\/v2\/pages"}],"about":[{"href":"https:\/\/de.metalsuvak.com\/index.php?rest_route=\/wp\/v2\/types\/page"}],"author":[{"embeddable":true,"href":"https:\/\/de.metalsuvak.com\/index.php?rest_route=\/wp\/v2\/users\/1"}],"replies":[{"embeddable":true,"href":"https:\/\/de.metalsuvak.com\/index.php?rest_route=%2Fwp%2Fv2%2Fcomments&post=107"}],"version-history":[{"count":9,"href":"https:\/\/de.metalsuvak.com\/index.php?rest_route=\/wp\/v2\/pages\/107\/revisions"}],"predecessor-version":[{"id":868,"href":"https:\/\/de.metalsuvak.com\/index.php?rest_route=\/wp\/v2\/pages\/107\/revisions\/868"}],"wp:attachment":[{"href":"https:\/\/de.metalsuvak.com\/index.php?rest_route=%2Fwp%2Fv2%2Fmedia&parent=107"}],"curies":[{"name":"wp","href":"https:\/\/api.w.org\/{rel}","templated":true}]}}