{"id":475,"date":"2017-06-12T11:16:36","date_gmt":"2017-06-12T11:16:36","guid":{"rendered":"https:\/\/demo.themegrill.com\/suffice\/?page_id=2"},"modified":"2025-03-12T11:26:44","modified_gmt":"2025-03-12T11:26:44","slug":"sample-page-2","status":"publish","type":"page","link":"https:\/\/de.metalsuvak.com\/?page_id=475","title":{"rendered":"PRODUKTIONSANTRIEB UND MASCHINEN"},"content":{"rendered":"\r\n<p>Wir besitzen 40 konventionelle und 10 CNC Maschinen, die von 35 ehrgeizigen und<br>\r\ngeschickten Fachmitarbeitern bedient werden.<br>\r\nMit einer langen Tradition haben wir das Wissen und die Erfahrung erworben, die<br>\r\nnotwendig sind, um die komplexesten Teile und Werkzeuge herzustellen.<\/p>\r\n\r\n\r\n\r\n<p>TECHNOLOGISCHE M\u00d6GLICHKEITEN<br>\r\n\uf0b7 CNC-Simultanfr\u00e4sen f\u00fcnfter Achse bis: 1000X1000X500 mm.<br>\r\n\uf0b7 CNC-Fr\u00e4sen bis: 700X600X500 mm<br>\r\n\uf0b7 CNC Drehen bis: \u00d8350 L400 mm<br>\r\n\uf0b7 Maschine f\u00fcr das Messprotokoll: 1200x850x600 mm<br>\r\n\uf0b7 herk\u00f6mmliches Kratzen bis: \u00d8630 \u00d7 2000 mm<br>\r\n\uf0b7 konventionelles Fr\u00e4sen: 700X400X300 mm<br>\r\n\uf0b7 Geradschleifen bis: 700x300x250 mm<br>\r\n\uf0b7 Rundschliff: \u00d8 200 L 450 mm<br>\r\n\uf0b7 Hobeln: 4-22 L 200 mm<br>\r\n\uf0b7 Pr\u00e4zisions-Schlosserarbeitsschwei\u00dfen: (Elektor, Co2, Argon)<br>\r\n\uf0b7 Thermische Verarbeitung<br>\r\n\uf0b7 chemische Behandlung<br>\r\n\uf0b7 Sandstrahlen 800x800x600&gt; \u00d8800 mm<\/p>\r\n\r\n\r\n\r\n<figure class=\"wp-block-image\"><img loading=\"lazy\" decoding=\"async\" width=\"900\" height=\"600\" src=\"https:\/\/www.metalsuvak.com\/wp-content\/uploads\/2019\/07\/M1.jpg\" alt=\"\" class=\"wp-image-652\" srcset=\"https:\/\/de.metalsuvak.com\/wp-content\/uploads\/2019\/07\/M1.jpg 900w, https:\/\/de.metalsuvak.com\/wp-content\/uploads\/2019\/07\/M1-300x200.jpg 300w, https:\/\/de.metalsuvak.com\/wp-content\/uploads\/2019\/07\/M1-768x512.jpg 768w, https:\/\/de.metalsuvak.com\/wp-content\/uploads\/2019\/07\/M1-600x400.jpg 600w\" sizes=\"auto, (max-width: 900px) 100vw, 900px\" \/><\/figure>\r\n\r\n\r\n\r\n<figure class=\"wp-block-image\"><img loading=\"lazy\" decoding=\"async\" width=\"900\" height=\"600\" src=\"https:\/\/www.metalsuvak.com\/wp-content\/uploads\/2019\/07\/M2.jpg\" alt=\"\" class=\"wp-image-653\" srcset=\"https:\/\/de.metalsuvak.com\/wp-content\/uploads\/2019\/07\/M2.jpg 900w, https:\/\/de.metalsuvak.com\/wp-content\/uploads\/2019\/07\/M2-300x200.jpg 300w, https:\/\/de.metalsuvak.com\/wp-content\/uploads\/2019\/07\/M2-768x512.jpg 768w, https:\/\/de.metalsuvak.com\/wp-content\/uploads\/2019\/07\/M2-600x400.jpg 600w\" sizes=\"auto, (max-width: 900px) 100vw, 900px\" \/><\/figure>\r\n\r\n\r\n\r\n<figure class=\"wp-block-image\"><img loading=\"lazy\" decoding=\"async\" width=\"900\" height=\"600\" src=\"https:\/\/www.metalsuvak.com\/wp-content\/uploads\/2019\/07\/M3.jpg\" alt=\"\" class=\"wp-image-654\" srcset=\"https:\/\/de.metalsuvak.com\/wp-content\/uploads\/2019\/07\/M3.jpg 900w, https:\/\/de.metalsuvak.com\/wp-content\/uploads\/2019\/07\/M3-300x200.jpg 300w, https:\/\/de.metalsuvak.com\/wp-content\/uploads\/2019\/07\/M3-768x512.jpg 768w, https:\/\/de.metalsuvak.com\/wp-content\/uploads\/2019\/07\/M3-600x400.jpg 600w\" sizes=\"auto, (max-width: 900px) 100vw, 900px\" \/><\/figure>\r\n\r\n\r\n\r\n<figure class=\"wp-block-image\"><img loading=\"lazy\" decoding=\"async\" width=\"900\" height=\"600\" src=\"https:\/\/www.metalsuvak.com\/wp-content\/uploads\/2019\/07\/M4.jpg\" alt=\"\" class=\"wp-image-655\" srcset=\"https:\/\/de.metalsuvak.com\/wp-content\/uploads\/2019\/07\/M4.jpg 900w, https:\/\/de.metalsuvak.com\/wp-content\/uploads\/2019\/07\/M4-300x200.jpg 300w, https:\/\/de.metalsuvak.com\/wp-content\/uploads\/2019\/07\/M4-768x512.jpg 768w, https:\/\/de.metalsuvak.com\/wp-content\/uploads\/2019\/07\/M4-600x400.jpg 600w\" sizes=\"auto, (max-width: 900px) 100vw, 900px\" \/><\/figure>\r\n\r\n\r\n\r\n<figure class=\"wp-block-image\"><img loading=\"lazy\" decoding=\"async\" width=\"900\" height=\"600\" src=\"https:\/\/www.metalsuvak.com\/wp-content\/uploads\/2019\/07\/M5.jpg\" alt=\"\" class=\"wp-image-656\" srcset=\"https:\/\/de.metalsuvak.com\/wp-content\/uploads\/2019\/07\/M5.jpg 900w, https:\/\/de.metalsuvak.com\/wp-content\/uploads\/2019\/07\/M5-300x200.jpg 300w, https:\/\/de.metalsuvak.com\/wp-content\/uploads\/2019\/07\/M5-768x512.jpg 768w, https:\/\/de.metalsuvak.com\/wp-content\/uploads\/2019\/07\/M5-600x400.jpg 600w\" sizes=\"auto, (max-width: 900px) 100vw, 900px\" \/><\/figure>\r\n\r\n\r\n\r\n<figure class=\"wp-block-image\"><img loading=\"lazy\" decoding=\"async\" width=\"900\" height=\"600\" src=\"https:\/\/www.metalsuvak.com\/wp-content\/uploads\/2019\/07\/M6.jpg\" alt=\"\" class=\"wp-image-657\" srcset=\"https:\/\/de.metalsuvak.com\/wp-content\/uploads\/2019\/07\/M6.jpg 900w, https:\/\/de.metalsuvak.com\/wp-content\/uploads\/2019\/07\/M6-300x200.jpg 300w, https:\/\/de.metalsuvak.com\/wp-content\/uploads\/2019\/07\/M6-768x512.jpg 768w, https:\/\/de.metalsuvak.com\/wp-content\/uploads\/2019\/07\/M6-600x400.jpg 600w\" sizes=\"auto, (max-width: 900px) 100vw, 900px\" \/><\/figure>\r\n\r\n\r\n\r\n<figure class=\"wp-block-image\"><img loading=\"lazy\" decoding=\"async\" width=\"900\" height=\"600\" src=\"https:\/\/www.metalsuvak.com\/wp-content\/uploads\/2019\/07\/M7.jpg\" alt=\"\" class=\"wp-image-658\" srcset=\"https:\/\/de.metalsuvak.com\/wp-content\/uploads\/2019\/07\/M7.jpg 900w, https:\/\/de.metalsuvak.com\/wp-content\/uploads\/2019\/07\/M7-300x200.jpg 300w, https:\/\/de.metalsuvak.com\/wp-content\/uploads\/2019\/07\/M7-768x512.jpg 768w, https:\/\/de.metalsuvak.com\/wp-content\/uploads\/2019\/07\/M7-600x400.jpg 600w\" sizes=\"auto, (max-width: 900px) 100vw, 900px\" \/><\/figure>\r\n\r\n\r\n\r\n<figure class=\"wp-block-image\"><img loading=\"lazy\" decoding=\"async\" width=\"900\" height=\"600\" src=\"https:\/\/www.metalsuvak.com\/wp-content\/uploads\/2019\/07\/M8.jpg\" alt=\"\" class=\"wp-image-659\" srcset=\"https:\/\/de.metalsuvak.com\/wp-content\/uploads\/2019\/07\/M8.jpg 900w, https:\/\/de.metalsuvak.com\/wp-content\/uploads\/2019\/07\/M8-300x200.jpg 300w, https:\/\/de.metalsuvak.com\/wp-content\/uploads\/2019\/07\/M8-768x512.jpg 768w, https:\/\/de.metalsuvak.com\/wp-content\/uploads\/2019\/07\/M8-600x400.jpg 600w\" sizes=\"auto, (max-width: 900px) 100vw, 900px\" \/><\/figure>\r\n\r\n\r\n\r\n<figure class=\"wp-block-image\"><img loading=\"lazy\" decoding=\"async\" width=\"900\" height=\"600\" src=\"https:\/\/www.metalsuvak.com\/wp-content\/uploads\/2019\/07\/M9.jpg\" alt=\"\" class=\"wp-image-660\" srcset=\"https:\/\/de.metalsuvak.com\/wp-content\/uploads\/2019\/07\/M9.jpg 900w, https:\/\/de.metalsuvak.com\/wp-content\/uploads\/2019\/07\/M9-300x200.jpg 300w, https:\/\/de.metalsuvak.com\/wp-content\/uploads\/2019\/07\/M9-768x512.jpg 768w, https:\/\/de.metalsuvak.com\/wp-content\/uploads\/2019\/07\/M9-600x400.jpg 600w\" sizes=\"auto, (max-width: 900px) 100vw, 900px\" \/><\/figure>\r\n\r\n\r\n\r\n<figure class=\"wp-block-image\"><img loading=\"lazy\" decoding=\"async\" width=\"900\" height=\"600\" src=\"https:\/\/www.metalsuvak.com\/wp-content\/uploads\/2019\/07\/M10.jpg\" alt=\"\" class=\"wp-image-661\" srcset=\"https:\/\/de.metalsuvak.com\/wp-content\/uploads\/2019\/07\/M10.jpg 900w, https:\/\/de.metalsuvak.com\/wp-content\/uploads\/2019\/07\/M10-300x200.jpg 300w, https:\/\/de.metalsuvak.com\/wp-content\/uploads\/2019\/07\/M10-768x512.jpg 768w, https:\/\/de.metalsuvak.com\/wp-content\/uploads\/2019\/07\/M10-600x400.jpg 600w\" sizes=\"auto, (max-width: 900px) 100vw, 900px\" \/><\/figure>\r\n\r\n\r\n\r\n<figure class=\"wp-block-image\"><img loading=\"lazy\" decoding=\"async\" width=\"900\" height=\"600\" src=\"https:\/\/www.metalsuvak.com\/wp-content\/uploads\/2019\/07\/M11.jpg\" alt=\"\" class=\"wp-image-662\" srcset=\"https:\/\/de.metalsuvak.com\/wp-content\/uploads\/2019\/07\/M11.jpg 900w, https:\/\/de.metalsuvak.com\/wp-content\/uploads\/2019\/07\/M11-300x200.jpg 300w, https:\/\/de.metalsuvak.com\/wp-content\/uploads\/2019\/07\/M11-768x512.jpg 768w, https:\/\/de.metalsuvak.com\/wp-content\/uploads\/2019\/07\/M11-600x400.jpg 600w\" sizes=\"auto, (max-width: 900px) 100vw, 900px\" \/><\/figure>\r\n\r\n\r\n\r\n<figure class=\"wp-block-image\"><img loading=\"lazy\" decoding=\"async\" width=\"900\" height=\"600\" src=\"https:\/\/www.metalsuvak.com\/wp-content\/uploads\/2019\/07\/M12.jpg\" alt=\"\" class=\"wp-image-663\" srcset=\"https:\/\/de.metalsuvak.com\/wp-content\/uploads\/2019\/07\/M12.jpg 900w, https:\/\/de.metalsuvak.com\/wp-content\/uploads\/2019\/07\/M12-300x200.jpg 300w, https:\/\/de.metalsuvak.com\/wp-content\/uploads\/2019\/07\/M12-768x512.jpg 768w, https:\/\/de.metalsuvak.com\/wp-content\/uploads\/2019\/07\/M12-600x400.jpg 600w\" sizes=\"auto, (max-width: 900px) 100vw, 900px\" \/><\/figure>\r\n\r\n\r\n\r\n<figure class=\"wp-block-image\"><img loading=\"lazy\" decoding=\"async\" width=\"900\" height=\"600\" src=\"https:\/\/www.metalsuvak.com\/wp-content\/uploads\/2019\/07\/M13.jpg\" alt=\"\" class=\"wp-image-664\" srcset=\"https:\/\/de.metalsuvak.com\/wp-content\/uploads\/2019\/07\/M13.jpg 900w, https:\/\/de.metalsuvak.com\/wp-content\/uploads\/2019\/07\/M13-300x200.jpg 300w, https:\/\/de.metalsuvak.com\/wp-content\/uploads\/2019\/07\/M13-768x512.jpg 768w, https:\/\/de.metalsuvak.com\/wp-content\/uploads\/2019\/07\/M13-600x400.jpg 600w\" sizes=\"auto, (max-width: 900px) 100vw, 900px\" \/><\/figure>\r\n\r\n\r\n\r\n<figure class=\"wp-block-image\"><img loading=\"lazy\" decoding=\"async\" width=\"900\" height=\"600\" src=\"https:\/\/www.metalsuvak.com\/wp-content\/uploads\/2019\/07\/M14.jpg\" alt=\"\" class=\"wp-image-665\" srcset=\"https:\/\/de.metalsuvak.com\/wp-content\/uploads\/2019\/07\/M14.jpg 900w, https:\/\/de.metalsuvak.com\/wp-content\/uploads\/2019\/07\/M14-300x200.jpg 300w, https:\/\/de.metalsuvak.com\/wp-content\/uploads\/2019\/07\/M14-768x512.jpg 768w, https:\/\/de.metalsuvak.com\/wp-content\/uploads\/2019\/07\/M14-600x400.jpg 600w\" sizes=\"auto, (max-width: 900px) 100vw, 900px\" \/><\/figure>\r\n","protected":false},"excerpt":{"rendered":"<p>Wir besitzen 40 konventionelle und 10 CNC Maschinen, die von 35 ehrgeizigen und geschickten Fachmitarbeitern bedient werden. Mit einer langen Tradition haben wir das Wissen und die Erfahrung erworben, die notwendig sind, um die komplexesten Teile und Werkzeuge herzustellen. TECHNOLOGISCHE<\/p>\n","protected":false},"author":1,"featured_media":0,"parent":0,"menu_order":0,"comment_status":"closed","ping_status":"open","template":"","meta":{"footnotes":""},"class_list":["post-475","page","type-page","status-publish","hentry"],"_links":{"self":[{"href":"https:\/\/de.metalsuvak.com\/index.php?rest_route=\/wp\/v2\/pages\/475","targetHints":{"allow":["GET"]}}],"collection":[{"href":"https:\/\/de.metalsuvak.com\/index.php?rest_route=\/wp\/v2\/pages"}],"about":[{"href":"https:\/\/de.metalsuvak.com\/index.php?rest_route=\/wp\/v2\/types\/page"}],"author":[{"embeddable":true,"href":"https:\/\/de.metalsuvak.com\/index.php?rest_route=\/wp\/v2\/users\/1"}],"replies":[{"embeddable":true,"href":"https:\/\/de.metalsuvak.com\/index.php?rest_route=%2Fwp%2Fv2%2Fcomments&post=475"}],"version-history":[{"count":8,"href":"https:\/\/de.metalsuvak.com\/index.php?rest_route=\/wp\/v2\/pages\/475\/revisions"}],"predecessor-version":[{"id":897,"href":"https:\/\/de.metalsuvak.com\/index.php?rest_route=\/wp\/v2\/pages\/475\/revisions\/897"}],"wp:attachment":[{"href":"https:\/\/de.metalsuvak.com\/index.php?rest_route=%2Fwp%2Fv2%2Fmedia&parent=475"}],"curies":[{"name":"wp","href":"https:\/\/api.w.org\/{rel}","templated":true}]}}