{"id":476,"date":"2017-06-13T04:11:50","date_gmt":"2017-06-13T04:11:50","guid":{"rendered":"https:\/\/demo.themegrill.com\/suffice\/?page_id=5"},"modified":"2025-03-12T11:20:21","modified_gmt":"2025-03-12T11:20:21","slug":"home","status":"publish","type":"page","link":"https:\/\/de.metalsuvak.com\/","title":{"rendered":"HOME"},"content":{"rendered":"<div id=\"pl-476\"  class=\"panel-layout\" ><div id=\"pg-476-0\"  class=\"panel-grid panel-has-style\" ><div class=\"siteorigin-panels-stretch panel-row-style panel-row-style-for-476-0\" data-stretch-type=\"full-stretched\" ><div id=\"pgc-476-0-0\"  class=\"panel-grid-cell\" ><div id=\"panel-476-0-0-0\" class=\"so-panel widget widget_themegrill_suffice_slider tg-section tg-slider-widget panel-first-child panel-last-child\" data-index=\"0\" >\n\t<div class=\"slider slider-hide-controls slider-controls-flat slider-height--default\">\n\t\t<div class=\"swiper-container\" data-swiper-autoplay=\"true\">\n\t\t\t<div class=\"swiper-wrapper\">\n\t\t\t\t\t\t\t\t\t\t<div class=\"swiper-slide\">\n\t\t\t\t\t\t\t<div class=\"slider-content slider-content-default slider-content--left\">\n\t\t\t\t\t\t\t\t<div class=\"container\">\n\t\t\t\t\t\t\t\t\t<div class=\"slider-content-inner\">\n\t\t\t\t\t\t\t\t\t\t\t\t\t\t\t\t\t\t\t\t\t<h3 class=\"slider-title\">Herzlich Willkommen<\/h3>\n\t\t\t\t\t\t\t\t\t\t\n\t\t\t\t\t\t\t\t\t\t\t\t\t\t\t\t\t\t\t\t\t<p class=\"slider-description\">Ihr Interesse an einer gemeinsamen Zusammenarbeit - unsere Herausforderung und Ansporn<\/p>\n\t\t\t\t\t\t\t\t\t\t\n\t\t\t\t\t\t\t\t\t\t\t\t\t\t\t\t\t\t\t<\/div> <!-- slider-content-inner -->\n\t\t\t\t\t\t\t\t<\/div> <!-- .container -->\n\t\t\t\t\t\t\t<\/div> <!-- .slider-content -->\n\t\t\t\t\t\t\t<figure class=\"slider-thumbnail\">\n\t\t\t\t\t\t\t\t<img decoding=\"async\" src=\"https:\/\/www.metal-suvak.com\/wp-content\/uploads\/2019\/07\/slider-1.jpg\" alt=\"Herzlich Willkommen\" \/>\n\t\t\t\t\t\t\t<\/figure>\n\t\t\t\t\t\t<\/div> <!-- swiper-slide -->\n\t\t\t\t\t\t\t\t\t\t\t\t<div class=\"swiper-slide\">\n\t\t\t\t\t\t\t<div class=\"slider-content slider-content-default slider-content--left\">\n\t\t\t\t\t\t\t\t<div class=\"container\">\n\t\t\t\t\t\t\t\t\t<div class=\"slider-content-inner\">\n\t\t\t\t\t\t\t\t\t\t\t\t\t\t\t\t\t\t\t\t\t<h3 class=\"slider-title\">Qualit\u00e4t im Fokus<\/h3>\n\t\t\t\t\t\t\t\t\t\t\n\t\t\t\t\t\t\t\t\t\t\t\t\t\t\t\t\t\t\t\t\t<p class=\"slider-description\">Suvak Metal GmbH ist seit drei Jahrzehnten ein Familienunternehmen, in der zweiten Generation.<\/p>\n\t\t\t\t\t\t\t\t\t\t\n\t\t\t\t\t\t\t\t\t\t\t\t\t\t\t\t\t\t\t<\/div> <!-- slider-content-inner -->\n\t\t\t\t\t\t\t\t<\/div> <!-- .container -->\n\t\t\t\t\t\t\t<\/div> <!-- .slider-content -->\n\t\t\t\t\t\t\t<figure class=\"slider-thumbnail\">\n\t\t\t\t\t\t\t\t<img decoding=\"async\" src=\"https:\/\/www.metal-suvak.com\/wp-content\/uploads\/2019\/07\/slider-4.jpg\" alt=\"Qualit\u00e4t im Fokus\" \/>\n\t\t\t\t\t\t\t<\/figure>\n\t\t\t\t\t\t<\/div> <!-- swiper-slide -->\n\t\t\t\t\t\t\t\t\t<\/div> <!-- end swiper-wrapper -->\n\n\t\t\t<div class=\"swiper-pagination\"><\/div>\n\t\t\t<div class=\"swiper-button-next\"><\/div>\n\t\t\t<div class=\"swiper-button-prev\"><\/div>\n\t\t<\/div> <!-- end swiper-container -->\n\n\t<\/div> <!-- end slider -->\n<\/div><\/div><\/div><\/div><div id=\"pg-476-1\"  class=\"panel-grid panel-has-style\" ><div class=\"siteorigin-panels-stretch panel-row-style panel-row-style-for-476-1\" data-stretch-type=\"full\" ><div id=\"pgc-476-1-0\"  class=\"panel-grid-cell\" ><div id=\"panel-476-1-0-0\" class=\"so-panel widget widget_siteorigin-panels-builder panel-first-child panel-last-child\" data-index=\"1\" ><div class=\"panel-widget-style panel-widget-style-for-476-1-0-0\" ><div id=\"pl-w67d16df5080b7\"  class=\"panel-layout\" ><div id=\"pg-w67d16df5080b7-0\"  class=\"panel-grid panel-no-style\" ><div id=\"pgc-w67d16df5080b7-0-0\"  class=\"panel-grid-cell\" ><div id=\"panel-w67d16df5080b7-0-0-0\" class=\"so-panel widget widget_themegrill_suffice_iconbox tg-iconbox-container panel-first-child panel-last-child\" data-index=\"0\" ><div class=\"icon-box icon-box-center icon-box-hexagon\">\n\t\t\t<div class=\"icon-box-icon\" style=color:#ffffff;font-size:32px;background-color:#dd9ebd;>\n\t\t\t<div class=\"icon-box-icon-container\">\n\t\t\t\t<div class=\"icon-box-inner-icon\">\n\t\t\t\t\t<i class=\"fa fa-map-marker\"><\/i>\n\t\t\t\t<\/div>\n\t\t\t<\/div>\n\t\t<\/div>\n\t\t\t<div class=\"icon-box-description\">\n\t\t\t\t\t<h5 class=\"icon-box-title\">STANDORT<\/h5>\n\t\t\t\t\t\t\t<p class=\"icon-box-content\">UNSER Standort erm\u00f6glicht, bzw. vereinfacht den z\u00fcgigen Transport der Waren zum Verbraucher. Kozarska Dubica liegt an der nordwestlichen Grenze von Bosnien-Herzegowina zu der Republik Kroatien, bzw. zur Europ\u00e4ischen Union, insgesamt nur 20 km entfernt von der Autobahn Zagreb \u2013 Belgrad, der Hauptreiseroute, die West- und Ost-Europa miteinander verbindet.\n<\/p>\n\t\t\t\t\t\t\t<a class=\"icon-box-readmore\" href=\"https:\/\/goo.gl\/maps\/LwZmvHUy3gM6TeK1A\">GOOGLE MAP<\/a>\n\t\t\t<\/div>\n<\/div> <!-- end icon-box -->\n<\/div><\/div><div id=\"pgc-w67d16df5080b7-0-1\"  class=\"panel-grid-cell\" ><div id=\"panel-w67d16df5080b7-0-1-0\" class=\"so-panel widget widget_themegrill_suffice_iconbox tg-iconbox-container panel-first-child panel-last-child\" data-index=\"1\" ><div class=\"icon-box icon-box-center icon-box-hexagon\">\n\t\t\t<div class=\"icon-box-icon\" style=color:#ffffff;font-size:32px;background-color:#a0c695;>\n\t\t\t<div class=\"icon-box-icon-container\">\n\t\t\t\t<div class=\"icon-box-inner-icon\">\n\t\t\t\t\t<i class=\"fa fa-wrench\"><\/i>\n\t\t\t\t<\/div>\n\t\t\t<\/div>\n\t\t<\/div>\n\t\t\t<div class=\"icon-box-description\">\n\t\t\t\t\t<h5 class=\"icon-box-title\">TECHNISCHE M\u00d6GLICHKEITEN<\/h5>\n\t\t\t\t\t\t\t<p class=\"icon-box-content\">Wir verf\u00fcgen \u00fcber 40 herk\u00f6mmliche und 10 CNC \u2013 Maschinen mit 35 erfahrenen Experten als Mitarbeiter, die noch jung aber \u00fcberaus ehrgeizig sind. Durch unsere langj\u00e4hrige Tradition haben wir Wissen und Erfahrungen sammeln k\u00f6nnen, die unbedingt erforderlich sind f\u00fcr die Anfertigung von komplexen Teilen und Werkzeugen.\n<\/p>\n\t\t\t\t\t\t\t<a class=\"icon-box-readmore\" href=\"https:\/\/en.metal-suvak.com\/wp-content\/uploads\/2019\/09\/lista-masina-download1.pdf\"target=&quot;_blank&quot;>PDF FILE<\/a>\n\t\t\t<\/div>\n<\/div> <!-- end icon-box -->\n<\/div><\/div><div id=\"pgc-w67d16df5080b7-0-2\"  class=\"panel-grid-cell\" ><div id=\"panel-w67d16df5080b7-0-2-0\" class=\"so-panel widget widget_themegrill_suffice_iconbox tg-iconbox-container panel-first-child panel-last-child\" data-index=\"2\" ><div class=\"icon-box icon-box-center icon-box-hexagon\">\n\t\t\t<div class=\"icon-box-icon\" style=color:#ffffff;font-size:32px;background-color:#7be0f2;>\n\t\t\t<div class=\"icon-box-icon-container\">\n\t\t\t\t<div class=\"icon-box-inner-icon\">\n\t\t\t\t\t<i class=\"fa fa-rocket\"><\/i>\n\t\t\t\t<\/div>\n\t\t\t<\/div>\n\t\t<\/div>\n\t\t\t<div class=\"icon-box-description\">\n\t\t\t\t\t<h5 class=\"icon-box-title\">MISSION<\/h5>\n\t\t\t\t\t\t\t<p class=\"icon-box-content\">Unsere Mission und Auftrag ist es, die Ideen und Anforderungen unserer Klienten in Spitzenqualit\u00e4t umzusetzen. Neben der langj\u00e4hrigen Tradition in der Metallverarbeitung mit modernsten Maschinen auf dem neuesten Stand der Technik in unseren Produktionsanlagen, setzen wir aber auf den gro\u00dfen Vorteil, den wir unseren Mitarbeitern zu verdanken haben. Letztendlich sind es sie, welche tagt\u00e4glich die Mission unserer Firma erf\u00fcllen \u2013 Spitzenqualit\u00e4t auf h\u00f6chstem Niveau und allerh\u00f6chstem Standard.\n<\/p>\n\t\t\t\t\t<\/div>\n<\/div> <!-- end icon-box -->\n<\/div><\/div><div id=\"pgc-w67d16df5080b7-0-3\"  class=\"panel-grid-cell\" ><div id=\"panel-w67d16df5080b7-0-3-0\" class=\"so-panel widget widget_themegrill_suffice_iconbox tg-iconbox-container panel-first-child panel-last-child\" data-index=\"3\" ><div class=\"icon-box icon-box-center icon-box-hexagon\">\n\t\t\t<div class=\"icon-box-icon\" style=color:#ffffff;font-size:32px;background-color:#ddd69e;>\n\t\t\t<div class=\"icon-box-icon-container\">\n\t\t\t\t<div class=\"icon-box-inner-icon\">\n\t\t\t\t\t<i class=\"fa fa-eye\"><\/i>\n\t\t\t\t<\/div>\n\t\t\t<\/div>\n\t\t<\/div>\n\t\t\t<div class=\"icon-box-description\">\n\t\t\t\t\t<h5 class=\"icon-box-title\">VISION<\/h5>\n\t\t\t\t\t\t\t<p class=\"icon-box-content\">Die ununterbrochene Weiterentwicklung im Einklang mit den technischen Leistungen und die Erhaltung der Spitzenqualit\u00e4t der Produkte sowie der Service, ist das was unser Unternehmen von anderen unterscheidet. Konstante Investitionen in die Modernisierung der Produktionsst\u00e4tte, zusammen mit der Weiterentwicklung unseres erfahrenen Teams, welches aus jungen und ehrgeizigen Experten besteht, sind die beste Garantie f\u00fcr Qualit\u00e4t auf dem Gebiet der Fertigung einer breitgef\u00e4cherte Produktenpalette.<\/p>\n\t\t\t\t\t<\/div>\n<\/div> <!-- end icon-box -->\n<\/div><\/div><\/div><\/div><\/div><\/div><\/div><\/div><\/div><div id=\"pg-476-2\"  class=\"panel-grid panel-has-style\" ><div class=\"siteorigin-panels-stretch panel-row-style panel-row-style-for-476-2\" data-stretch-type=\"full\" ><div id=\"pgc-476-2-0\"  class=\"panel-grid-cell\" ><div id=\"panel-476-2-0-0\" class=\"so-panel widget widget_themegrill_suffice_title tg-title-container panel-first-child\" data-index=\"2\" ><div class=\"title title-default title-center\">\n\t<h3 class=\"title-title\">PORTFOLIO<\/h3>\n\n\t\n\t\n\t<\/div>\n<\/div><div id=\"panel-476-2-0-1\" class=\"so-panel widget widget_themegrill_suffice_portfolio tg-portfolio-container panel-last-child\" data-index=\"3\" ><div class=\"portfolio-container\"><nav class=\"portfolio-navigation portfolio-navigation-normal portfolio-navigation-center\"><ul class=\"navigation-portfolio\"><li class=\"active\"><a data-filter=\"*\">All<\/a><\/li><li><a data-filter='.photography'>Photography<\/a><\/li>\n<li><a data-filter='.web-design'>Web Design<\/a><\/li>\n<\/ul><\/nav><ul class=\"portfolio-items row text-on-hover\"><li class=\"portfolio-item col-md-3 photography \" data-category=\"photography \"><figure class=\"portfolio-item-thumbnail\"><a href=\"https:\/\/de.metalsuvak.com\/?portfolio=photography-2\" ><img loading=\"lazy\" decoding=\"async\" width=\"572\" height=\"552\" src=\"https:\/\/de.metalsuvak.com\/wp-content\/uploads\/2017\/07\/saradnici1n-572x552.jpg\" class=\"attachment-suffice-thumbnail-portfolio size-suffice-thumbnail-portfolio wp-post-image\" alt=\"\" \/><\/a><figcaption class=\"portfolio-item-description\"><h5 class=\"portfolio-item-title\"><a href = \"https:\/\/de.metalsuvak.com\/?portfolio=photography-2\">Unsere Kundschaft<\/a><\/h5><span class=\"portfolio-item-categories\">Photography<\/span><\/figcaption><\/figure><\/li><li class=\"portfolio-item col-md-3 web-design \" data-category=\"web-design \"><figure class=\"portfolio-item-thumbnail\"><a href=\"https:\/\/de.metalsuvak.com\/?portfolio=photography\" ><img loading=\"lazy\" decoding=\"async\" width=\"572\" height=\"552\" src=\"https:\/\/de.metalsuvak.com\/wp-content\/uploads\/2017\/07\/p-procesi-572x552.jpg\" class=\"attachment-suffice-thumbnail-portfolio size-suffice-thumbnail-portfolio wp-post-image\" alt=\"\" \/><\/a><figcaption class=\"portfolio-item-description\"><h5 class=\"portfolio-item-title\"><a href = \"https:\/\/de.metalsuvak.com\/?portfolio=photography\">Produktionsprozesse<\/a><\/h5><span class=\"portfolio-item-categories\">Web Design<\/span><\/figcaption><\/figure><\/li><li class=\"portfolio-item col-md-3 web-design \" data-category=\"web-design \"><figure class=\"portfolio-item-thumbnail\"><a href=\"https:\/\/de.metalsuvak.com\/?portfolio=web-development\" ><img loading=\"lazy\" decoding=\"async\" width=\"572\" height=\"552\" src=\"https:\/\/de.metalsuvak.com\/wp-content\/uploads\/2017\/07\/payment-572x552.jpg\" class=\"attachment-suffice-thumbnail-portfolio size-suffice-thumbnail-portfolio wp-post-image\" alt=\"\" \/><\/a><figcaption class=\"portfolio-item-description\"><h5 class=\"portfolio-item-title\"><a href = \"https:\/\/de.metalsuvak.com\/?portfolio=web-development\">Zahlungsanweisungen<\/a><\/h5><span class=\"portfolio-item-categories\">Web Design<\/span><\/figcaption><\/figure><\/li><li class=\"portfolio-item col-md-3 web-design \" data-category=\"web-design \"><figure class=\"portfolio-item-thumbnail\"><a href=\"https:\/\/de.metalsuvak.com\/?portfolio=typography\" ><img loading=\"lazy\" decoding=\"async\" width=\"572\" height=\"552\" src=\"https:\/\/de.metalsuvak.com\/wp-content\/uploads\/2017\/07\/hr-572x552.jpg\" class=\"attachment-suffice-thumbnail-portfolio size-suffice-thumbnail-portfolio wp-post-image\" alt=\"\" \/><\/a><figcaption class=\"portfolio-item-description\"><h5 class=\"portfolio-item-title\"><a href = \"https:\/\/de.metalsuvak.com\/?portfolio=typography\">Menschen Ressourcen<\/a><\/h5><span class=\"portfolio-item-categories\">Web Design<\/span><\/figcaption><\/figure><\/li><\/ul><!-- \/ul.portfolio-items --><\/div><!-- \/.portfolio-container --><\/div><\/div><\/div><\/div><div id=\"pg-476-3\"  class=\"panel-grid panel-has-style\" ><div class=\"panel-row-style panel-row-style-for-476-3\" ><div id=\"pgc-476-3-0\"  class=\"panel-grid-cell\" ><div id=\"panel-476-3-0-0\" class=\"so-panel widget widget_themegrill_suffice_title tg-title-container panel-first-child\" data-index=\"4\" ><div class=\"title title-default title-center\">\n\t<h3 class=\"title-title\">GESPR\u00c4CHSPARTNER<\/h3>\n\n\t\t\t<p class=\"sub-title\">Wir sind f\u00fcr Sie vor Ort, um alle Ihre Fragen zu beantworten und eine reibungslose und leichte Zusammenarbeit zu erm\u00f6glichen.<\/p>\n\t\n\t\n\t<\/div>\n<\/div><div id=\"panel-476-3-0-1\" class=\"so-panel widget widget_siteorigin-panels-builder panel-last-child\" data-index=\"5\" ><div id=\"pl-w67d16df50826b\"  class=\"panel-layout\" ><div id=\"pg-w67d16df50826b-0\"  class=\"panel-grid panel-no-style\" ><div id=\"pgc-w67d16df50826b-0-0\"  class=\"panel-grid-cell\" ><div id=\"panel-w67d16df50826b-0-0-0\" class=\"so-panel widget widget_themegrill_suffice_team tg-team-container panel-first-child panel-last-child\" data-index=\"0\" ><div class=\"team-member team-bubble\">\n\t<div class=\"team-member-inner\">\n\t\t<figure class=\"team-member-thumbnail\">\n\t\t\t<span class=\"team-bubble-one\"><\/span>\n\t\t\t<span class=\"team-bubble-two\"><\/span>\n\t\t\t\t\t\t\t<div class=\"team-member-thumbnail-inner\">\n\t\t\t\t\t<img decoding=\"async\" src=\"https:\/\/www.metal-suvak.com\/wp-content\/uploads\/2019\/07\/dejan-2.jpg\" alt=\"Gesch\u00e4ftsf\u00fchrer\" \/>\n\t\t\t\t<\/div>\n\t\t\t\t\t\t\t\t<\/figure>\n\t\t<div class=\"team-member-description\">\n\t\t\t\t\t\t<h5 class=\"team-member-title\">Gesch\u00e4ftsf\u00fchrer<\/h5>\n\t\t\t\t\t\t\t\t\t<span class=\"team-member-position\">+38765784416 metalsuvak@gmail.com<\/span>\n\t\t\t\t\t\t\t\t<\/div>\n\t<\/div> <!-- .team-member-inner -->\n<\/div> <!-- end team-member -->\n<\/div><\/div><div id=\"pgc-w67d16df50826b-0-1\"  class=\"panel-grid-cell\" ><div id=\"panel-w67d16df50826b-0-1-0\" class=\"so-panel widget widget_themegrill_suffice_team tg-team-container panel-first-child panel-last-child\" data-index=\"1\" ><div class=\"team-member team-bubble\">\n\t<div class=\"team-member-inner\">\n\t\t<figure class=\"team-member-thumbnail\">\n\t\t\t<span class=\"team-bubble-one\"><\/span>\n\t\t\t<span class=\"team-bubble-two\"><\/span>\n\t\t\t\t\t\t\t<div class=\"team-member-thumbnail-inner\">\n\t\t\t\t\t<img decoding=\"async\" src=\"https:\/\/de.metalsuvak.com\/wp-content\/uploads\/2025\/03\/vladimir.jpg\" alt=\"Leiter des Gesch\u00e4ftsprozessmanagements\" \/>\n\t\t\t\t<\/div>\n\t\t\t\t\t\t\t\t<\/figure>\n\t\t<div class=\"team-member-description\">\n\t\t\t\t\t\t<h5 class=\"team-member-title\">Leiter des Gesch\u00e4ftsprozessmanagements<\/h5>\n\t\t\t\t\t\t\t\t\t<span class=\"team-member-position\">+387 65 781 193 zivkovic.suvakmetal@gmail.com<\/span>\n\t\t\t\t\t\t\t\t<\/div>\n\t<\/div> <!-- .team-member-inner -->\n<\/div> <!-- end team-member -->\n<\/div><\/div><div id=\"pgc-w67d16df50826b-0-2\"  class=\"panel-grid-cell\" ><div id=\"panel-w67d16df50826b-0-2-0\" class=\"so-panel widget widget_themegrill_suffice_team tg-team-container panel-first-child panel-last-child\" data-index=\"2\" ><div class=\"team-member team-bubble\">\n\t<div class=\"team-member-inner\">\n\t\t<figure class=\"team-member-thumbnail\">\n\t\t\t<span class=\"team-bubble-one\"><\/span>\n\t\t\t<span class=\"team-bubble-two\"><\/span>\n\t\t\t\t\t\t\t<div class=\"team-member-thumbnail-inner\">\n\t\t\t\t\t<img decoding=\"async\" src=\"https:\/\/de.metalsuvak.com\/wp-content\/uploads\/2025\/03\/dejan.jpg\" alt=\"Leiter der Qualit\u00e4tskontrolle\" \/>\n\t\t\t\t<\/div>\n\t\t\t\t\t\t\t\t<\/figure>\n\t\t<div class=\"team-member-description\">\n\t\t\t\t\t\t<h5 class=\"team-member-title\">Leiter der Qualit\u00e4tskontrolle<\/h5>\n\t\t\t\t\t\t\t\t\t<span class=\"team-member-position\">+387 66 819 470 miokovic.metalsuvak@gmail.com<\/span>\n\t\t\t\t\t\t\t\t<\/div>\n\t<\/div> <!-- .team-member-inner -->\n<\/div> <!-- end team-member -->\n<\/div><\/div><div id=\"pgc-w67d16df50826b-0-3\"  class=\"panel-grid-cell\" ><div id=\"panel-w67d16df50826b-0-3-0\" class=\"so-panel widget widget_themegrill_suffice_team tg-team-container panel-first-child panel-last-child\" data-index=\"3\" ><div class=\"team-member team-bubble\">\n\t<div class=\"team-member-inner\">\n\t\t<figure class=\"team-member-thumbnail\">\n\t\t\t<span class=\"team-bubble-one\"><\/span>\n\t\t\t<span class=\"team-bubble-two\"><\/span>\n\t\t\t\t\t\t\t<div class=\"team-member-thumbnail-inner\">\n\t\t\t\t\t<img decoding=\"async\" src=\"https:\/\/www.metal-suvak.com\/wp-content\/uploads\/2019\/07\/SUZANA.jpg\" alt=\"Kaufm\u00e4nnischer Leiter\" \/>\n\t\t\t\t<\/div>\n\t\t\t\t\t\t\t\t<\/figure>\n\t\t<div class=\"team-member-description\">\n\t\t\t\t\t\t<h5 class=\"team-member-title\">Kaufm\u00e4nnischer Leiter<\/h5>\n\t\t\t\t\t\t\t\t\t<span class=\"team-member-position\">+38765717125 suzanasuvak@gmail.com<\/span>\n\t\t\t\t\t\t\t\t<\/div>\n\t<\/div> <!-- .team-member-inner -->\n<\/div> <!-- end team-member -->\n<\/div><\/div><\/div><\/div><\/div><\/div><\/div><\/div><\/div>","protected":false},"excerpt":{"rendered":"","protected":false},"author":1,"featured_media":0,"parent":0,"menu_order":0,"comment_status":"closed","ping_status":"closed","template":"page-templates\/page-builder.php","meta":{"footnotes":""},"class_list":["post-476","page","type-page","status-publish","hentry"],"_links":{"self":[{"href":"https:\/\/de.metalsuvak.com\/index.php?rest_route=\/wp\/v2\/pages\/476","targetHints":{"allow":["GET"]}}],"collection":[{"href":"https:\/\/de.metalsuvak.com\/index.php?rest_route=\/wp\/v2\/pages"}],"about":[{"href":"https:\/\/de.metalsuvak.com\/index.php?rest_route=\/wp\/v2\/types\/page"}],"author":[{"embeddable":true,"href":"https:\/\/de.metalsuvak.com\/index.php?rest_route=\/wp\/v2\/users\/1"}],"replies":[{"embeddable":true,"href":"https:\/\/de.metalsuvak.com\/index.php?rest_route=%2Fwp%2Fv2%2Fcomments&post=476"}],"version-history":[{"count":172,"href":"https:\/\/de.metalsuvak.com\/index.php?rest_route=\/wp\/v2\/pages\/476\/revisions"}],"predecessor-version":[{"id":892,"href":"https:\/\/de.metalsuvak.com\/index.php?rest_route=\/wp\/v2\/pages\/476\/revisions\/892"}],"wp:attachment":[{"href":"https:\/\/de.metalsuvak.com\/index.php?rest_route=%2Fwp%2Fv2%2Fmedia&parent=476"}],"curies":[{"name":"wp","href":"https:\/\/api.w.org\/{rel}","templated":true}]}}